{"id":4640,"date":"2025-09-23T10:28:48","date_gmt":"2025-09-23T13:28:48","guid":{"rendered":"https:\/\/leomedina.cl\/burger\/?page_id=4640"},"modified":"2025-09-23T21:01:06","modified_gmt":"2025-09-24T00:01:06","slug":"deportes","status":"publish","type":"page","link":"https:\/\/leomedina.cl\/burger\/deportes\/","title":{"rendered":"deportes"},"content":{"rendered":"\t\t<div data-elementor-type=\"wp-page\" data-elementor-id=\"4640\" class=\"elementor elementor-4640\" data-elementor-post-type=\"page\">\n\t\t\t\t\t\t<section class=\"elementor-section elementor-top-section elementor-element elementor-element-2328179 elementor-section-boxed elementor-section-height-default elementor-section-height-default\" data-id=\"2328179\" data-element_type=\"section\" data-settings=\"{&quot;background_background&quot;:&quot;classic&quot;,&quot;_ha_eqh_enable&quot;:false,&quot;ekit_has_onepagescroll_dot&quot;:&quot;yes&quot;}\">\n\t\t\t\t\t\t<div class=\"elementor-container elementor-column-gap-default\">\n\t\t\t\t\t<div class=\"elementor-column elementor-col-100 elementor-top-column elementor-element elementor-element-7870cf9\" data-id=\"7870cf9\" data-element_type=\"column\">\n\t\t\t<div class=\"elementor-widget-wrap elementor-element-populated\">\n\t\t\t\t\t\t<section class=\"elementor-section elementor-inner-section elementor-element elementor-element-466de23 elementor-section-boxed elementor-section-height-default elementor-section-height-default\" data-id=\"466de23\" data-element_type=\"section\" data-settings=\"{&quot;_ha_eqh_enable&quot;:false,&quot;ekit_has_onepagescroll_dot&quot;:&quot;yes&quot;}\">\n\t\t\t\t\t\t<div class=\"elementor-container elementor-column-gap-default\">\n\t\t\t\t\t<div class=\"elementor-column elementor-col-100 elementor-inner-column elementor-element elementor-element-12930c5\" data-id=\"12930c5\" data-element_type=\"column\">\n\t\t\t<div class=\"elementor-widget-wrap elementor-element-populated\">\n\t\t\t\t\t\t<div class=\"elementor-element elementor-element-3fcc8ad elementor-widget elementor-widget-spacer\" data-id=\"3fcc8ad\" data-element_type=\"widget\" data-settings=\"{&quot;ekit_we_effect_on&quot;:&quot;none&quot;}\" data-widget_type=\"spacer.default\">\n\t\t\t\t<div class=\"elementor-widget-container\">\n\t\t\t\t\t<div class=\"elementor-spacer\">\n\t\t\t<div class=\"elementor-spacer-inner\"><\/div>\n\t\t<\/div>\n\t\t\t\t<\/div>\n\t\t\t\t<\/div>\n\t\t\t\t<div class=\"elementor-element elementor-element-6942ba8 elementor-widget elementor-widget-heading\" data-id=\"6942ba8\" data-element_type=\"widget\" data-settings=\"{&quot;ekit_we_effect_on&quot;:&quot;none&quot;}\" data-widget_type=\"heading.default\">\n\t\t\t\t<div class=\"elementor-widget-container\">\n\t\t\t<h1 class=\"elementor-heading-title elementor-size-default\">Agenda Deportiva<\/h1>\t\t<\/div>\n\t\t\t\t<\/div>\n\t\t\t\t\t<\/div>\n\t\t<\/div>\n\t\t\t\t\t<\/div>\n\t\t<\/section>\n\t\t\t\t<div class=\"elementor-element elementor-element-2b2668f elementor-widget-divider--view-line_icon elementor-widget-divider--separator-type-pattern elementor-view-default elementor-widget-divider--element-align-center elementor-widget elementor-widget-divider\" data-id=\"2b2668f\" data-element_type=\"widget\" data-settings=\"{&quot;ekit_we_effect_on&quot;:&quot;none&quot;}\" data-widget_type=\"divider.default\">\n\t\t\t\t<div class=\"elementor-widget-container\">\n\t\t\t\t\t<div class=\"elementor-divider\" style=\"--divider-pattern-url: url(&quot;data:image\/svg+xml,%3Csvg xmlns=&#039;http:\/\/www.w3.org\/2000\/svg&#039; preserveAspectRatio=&#039;none&#039; overflow=&#039;visible&#039; height=&#039;100%&#039; viewBox=&#039;0 0 20 16&#039; fill=&#039;none&#039; stroke=&#039;black&#039; stroke-width=&#039;1&#039; stroke-linecap=&#039;square&#039; stroke-miterlimit=&#039;10&#039;%3E%3Cg transform=&#039;translate(-12.000000, 0)&#039;%3E%3Cpath d=&#039;M28,0L10,18&#039;\/%3E%3Cpath d=&#039;M18,0L0,18&#039;\/%3E%3Cpath d=&#039;M48,0L30,18&#039;\/%3E%3Cpath d=&#039;M38,0L20,18&#039;\/%3E%3C\/g%3E%3C\/svg%3E&quot;);\">\n\t\t\t<span class=\"elementor-divider-separator\">\n\t\t\t\t\t\t\t<div class=\"elementor-icon elementor-divider__element\">\n\t\t\t\t\t<svg xmlns=\"http:\/\/www.w3.org\/2000\/svg\" id=\"Capa_1\" viewBox=\"0 0 500 500\"><defs><style>      .st0 {        fill: #1d9f61;      }      .st1 {        fill: #fff;      }    <\/style><\/defs><path class=\"st0\" d=\"M289.77,268.72c31.41,19.43,61.91,45.59,82.91,76.13,20.49,29.78,33.07,59.33,9.29,92.1-22.13,30.49-62.83,39.97-95.01,18.56l-13.96,10.68c-54.94,28.7-109.41-18.04-95.56-77.15,11.73-50.05,43.25-94.71,79.68-129.15,1.12-1.06,1.39-2.84,3.38-3.13.42.55-1.86,11.44-2.04,13.41-3.2,35.35,3.28,79.22,19.44,111.05.41.8.87,2.57,1.84,2.61-1.22-10.08-4.18-20.02-5.99-30.06-3.19-17.66-6.28-38.29-7.08-56.11-.62-13.74.52-27.81.03-41.58,7.9,3.61,15.67,8.07,23.08,12.65Z\"><\/path><path class=\"st0\" d=\"M124.94,160.17c2.94,1.16,6.93,3.14,10.12,4.62,39.38,18.22,73.13,46.69,100.03,80.28-6.2-.8-12.22-2.91-18.37-3.94-32.27-5.42-65.99-3.76-97.57,4.44l-5.64,2.25c1.93-.04,3.89.11,5.83,0,32.79-1.88,66.11-2.68,98.83,1.47,5.42.69,10.95,1.62,16.22,3-2.37,2.87-4.52,6.08-6.88,8.92-27.47,33.15-65.24,62.54-105.66,78.43-24.94,9.8-48.98,11.8-72.86-2.23-30.11-17.68-36.32-56.18-13.85-82.96-.1-.56-6.5-7.09-7.48-8.52-24.11-34.77-.61-79.41,36.54-91.71,19.98-6.61,41.69-1.58,60.73,5.95Z\"><\/path><path class=\"st0\" d=\"M344.74,32.4c10.69,7.78,21.1,20.91,25.18,33.55,6.69,20.72.24,40.86-8.37,59.87-8.97,1.58-18.19.5-27.2,1.12-14.94,1.03-35.06,5.8-48.9,11.54-9.13,3.79-17.81,8.88-26.31,13.86v-46.02s-4.65,21.8-4.65,21.8c-.76,7.29-2.13,14.53-2.91,21.82-.23,2.12.42,4.78-.15,6.72-.77,2.63-8.52,5.37-10.64,11.34-1.6,4.52-1.48,17.32.55,21.69,1.93,4.14,6.27,6.71,10.25,8.44.83,7.91,1.6,15.9,2.9,23.74.57,3.45,1.84,7.13,2.54,10.51.13.61.56,3.21-.64,3.04-.11-2.13-2.91-2.43-4.3-3.45-39.31-28.73-81.96-75.42-96.33-122.93C138.12,50.75,196.73,1.98,251.05,31.63c2.19,1.2,3.85,3.71,6.3,3.94,1.47-.03,6.91-5.09,8.86-6.32,25.13-15.79,54.68-14.22,78.53,3.14Z\"><\/path><path class=\"st1\" d=\"M464.11,182.97c23.78,28.91-9.69,57.01-37.91,61.23l-26.26,4.3c20.01,1.17,40.78,4.79,57.63,16.21,24.02,16.27,36.13,45.14,20.54,71.93-14.23,24.45-46.21,34.52-72.94,36.24-5.13-13.38-12.54-25.96-20.82-37.65-17.44-24.65-40.16-46.23-64.56-63.93-12.72-9.22-26.05-17.73-40.06-24.86l15.66-14.9c.07-5.19.4-10.5.17-15.69-.42-9.28-1.38-20.45-8.6-27.12-9.43-8.71-20.87-6.21-32.35-8.18-1.58-3.69,2.39-5.59,4.98-7.48,23-16.76,49.06-26.68,77.61-28.71,43.12-3.07,97.78,3.2,126.89,38.6ZM353.92,184.97v57.01c0,1.71,9.71.46,11.25.26,53.54-6.93,62.88-66.56,9.71-83.04-26.39-8.18-55.49-4.44-81.08,4.81l-12.69,5.5,39.51-6.16c13.87.13,27.8-.69,41.54,1.37l-5.83,9.62c-.84,3.17-2.13,7.46-2.41,10.64ZM353.92,253.32v42.24c12.47,9.88,24.44,21.31,33.87,34.17,4.28,5.84,7.56,12.47,11.9,18.29,21.69-12.87,26.07-45.45,13.42-66.31-12.17-20.08-36.92-27.41-59.19-28.39Z\"><\/path><path class=\"st0\" d=\"M200.74,304.84c.69.76-3.27,8.02-4,9.39-18.11,34.28-43.05,77.39-66.46,108.01-23.2,30.35-56.89,53.73-93.62,64.57l-21.76-40.45v-2.81c34.68-14.39,67.26-33.82,96.19-57.68,27.09-22.35,54.13-47.88,79.71-72.09.95-.9,8.94-10.05,9.94-8.94Z\"><\/path><path class=\"st0\" d=\"M268.3,234.37c-.41.24-.22,1.72-2.3,1.09l-4.73-36.01c.57-2.4,12.8-.21,14.38,2.66.53.97,1.85,9.23,2.01,11.04.41,4.48-.47,9.1.61,13.58-2.97,2.97-6.34,5.54-9.98,7.64Z\"><\/path><\/svg><\/div>\n\t\t\t\t\t\t<\/span>\n\t\t<\/div>\n\t\t\t\t<\/div>\n\t\t\t\t<\/div>\n\t\t\t\t<section class=\"elementor-section elementor-inner-section elementor-element elementor-element-bcf875f elementor-section-boxed elementor-section-height-default elementor-section-height-default\" data-id=\"bcf875f\" data-element_type=\"section\" data-settings=\"{&quot;_ha_eqh_enable&quot;:false,&quot;ekit_has_onepagescroll_dot&quot;:&quot;yes&quot;}\">\n\t\t\t\t\t\t<div class=\"elementor-container elementor-column-gap-default\">\n\t\t\t\t\t<div class=\"elementor-column elementor-col-100 elementor-inner-column elementor-element elementor-element-c3f95ca\" data-id=\"c3f95ca\" data-element_type=\"column\">\n\t\t\t<div class=\"elementor-widget-wrap elementor-element-populated\">\n\t\t\t\t\t\t<div class=\"elementor-element elementor-element-0b2bc8e elementor-widget elementor-widget-heading\" data-id=\"0b2bc8e\" data-element_type=\"widget\" data-settings=\"{&quot;ekit_we_effect_on&quot;:&quot;none&quot;}\" data-widget_type=\"heading.default\">\n\t\t\t\t<div class=\"elementor-widget-container\">\n\t\t\t<h2 class=\"elementor-heading-title elementor-size-default\">Mantente al d\u00eda con los mejores encuentros de tenis, b\u00e1squetbol, f\u00fatbol y rugby. Consulta horarios y fechas de los partidos en ESPN.cl y vive cada jugada en BurgerBar, donde el deporte se disfruta en grande.<\/h2>\t\t<\/div>\n\t\t\t\t<\/div>\n\t\t\t\t<div class=\"elementor-element elementor-element-171857b elementor-widget elementor-widget-spacer\" data-id=\"171857b\" data-element_type=\"widget\" data-settings=\"{&quot;ekit_we_effect_on&quot;:&quot;none&quot;}\" data-widget_type=\"spacer.default\">\n\t\t\t\t<div class=\"elementor-widget-container\">\n\t\t\t\t\t<div class=\"elementor-spacer\">\n\t\t\t<div class=\"elementor-spacer-inner\"><\/div>\n\t\t<\/div>\n\t\t\t\t<\/div>\n\t\t\t\t<\/div>\n\t\t\t\t\t<\/div>\n\t\t<\/div>\n\t\t\t\t\t<\/div>\n\t\t<\/section>\n\t\t\t\t<section class=\"elementor-section elementor-inner-section elementor-element elementor-element-775070d elementor-section-boxed elementor-section-height-default elementor-section-height-default\" data-id=\"775070d\" data-element_type=\"section\" data-settings=\"{&quot;_ha_eqh_enable&quot;:false,&quot;ekit_has_onepagescroll_dot&quot;:&quot;yes&quot;}\">\n\t\t\t\t\t\t<div class=\"elementor-container elementor-column-gap-default\">\n\t\t\t\t\t<div class=\"elementor-column elementor-col-33 elementor-inner-column elementor-element elementor-element-d05f0b6\" data-id=\"d05f0b6\" data-element_type=\"column\">\n\t\t\t<div class=\"elementor-widget-wrap elementor-element-populated\">\n\t\t\t\t\t\t<div class=\"elementor-element elementor-element-682af59 e-transform ha-card--top ha-card--tablet-top ha-card--mobile-top elementor-widget elementor-widget-ha-card happy-addon ha-card\" data-id=\"682af59\" data-element_type=\"widget\" data-settings=\"{&quot;_animation&quot;:&quot;none&quot;,&quot;_transform_translateX_effect_hover&quot;:{&quot;unit&quot;:&quot;px&quot;,&quot;size&quot;:3,&quot;sizes&quot;:[]},&quot;_transform_translateY_effect_hover&quot;:{&quot;unit&quot;:&quot;px&quot;,&quot;size&quot;:3,&quot;sizes&quot;:[]},&quot;ekit_we_effect_on&quot;:&quot;none&quot;,&quot;_transform_translateX_effect_hover_tablet&quot;:{&quot;unit&quot;:&quot;px&quot;,&quot;size&quot;:&quot;&quot;,&quot;sizes&quot;:[]},&quot;_transform_translateX_effect_hover_mobile&quot;:{&quot;unit&quot;:&quot;px&quot;,&quot;size&quot;:&quot;&quot;,&quot;sizes&quot;:[]},&quot;_transform_translateY_effect_hover_tablet&quot;:{&quot;unit&quot;:&quot;px&quot;,&quot;size&quot;:&quot;&quot;,&quot;sizes&quot;:[]},&quot;_transform_translateY_effect_hover_mobile&quot;:{&quot;unit&quot;:&quot;px&quot;,&quot;size&quot;:&quot;&quot;,&quot;sizes&quot;:[]}}\" data-widget_type=\"ha-card.default\">\n\t\t\t\t<div class=\"elementor-widget-container\">\n\t\t\t\n\t\t\t\t\t<figure class=\"ha-card-figure\">\n\t\t\t\t<img fetchpriority=\"high\" decoding=\"async\" width=\"800\" height=\"450\" src=\"https:\/\/leomedina.cl\/burger\/wp-content\/uploads\/2025\/09\/CC-vs-UCH-formaciones.jpg-1024x576.jpeg\" class=\"attachment-large size-large wp-image-4696\" alt=\"\" srcset=\"https:\/\/leomedina.cl\/burger\/wp-content\/uploads\/2025\/09\/CC-vs-UCH-formaciones.jpg-1024x576.jpeg 1024w, https:\/\/leomedina.cl\/burger\/wp-content\/uploads\/2025\/09\/CC-vs-UCH-formaciones.jpg-300x169.jpeg 300w, https:\/\/leomedina.cl\/burger\/wp-content\/uploads\/2025\/09\/CC-vs-UCH-formaciones.jpg-768x432.jpeg 768w, https:\/\/leomedina.cl\/burger\/wp-content\/uploads\/2025\/09\/CC-vs-UCH-formaciones.jpg.jpeg 1423w\" sizes=\"(max-width: 800px) 100vw, 800px\" \/>\t\t\t\t\t\t\t<\/figure>\n\t\t\n\t\t<div class=\"ha-card-body\">\n\n\t\t\t<h2 class=\"ha-card-title\">FUTBOL<\/h2>\n\t\t\t\n\t\t\t<a class=\"ha-btn\" href=\"https:\/\/www.espn.cl\/futbol\/calendario\"><span class=\"ha-btn-text\">M\u00e1s info<\/span><\/a>\t\t<\/div>\n\t\t\t\t<\/div>\n\t\t\t\t<\/div>\n\t\t\t\t\t<\/div>\n\t\t<\/div>\n\t\t\t\t<div class=\"elementor-column elementor-col-33 elementor-inner-column elementor-element elementor-element-8cc54a6\" data-id=\"8cc54a6\" data-element_type=\"column\">\n\t\t\t<div class=\"elementor-widget-wrap elementor-element-populated\">\n\t\t\t\t\t\t<div class=\"elementor-element elementor-element-7bf6595 e-transform ha-card--top ha-card--tablet-top ha-card--mobile-top elementor-widget elementor-widget-ha-card happy-addon ha-card\" data-id=\"7bf6595\" data-element_type=\"widget\" data-settings=\"{&quot;_animation&quot;:&quot;none&quot;,&quot;_transform_translateX_effect_hover&quot;:{&quot;unit&quot;:&quot;px&quot;,&quot;size&quot;:3,&quot;sizes&quot;:[]},&quot;_transform_translateY_effect_hover&quot;:{&quot;unit&quot;:&quot;px&quot;,&quot;size&quot;:3,&quot;sizes&quot;:[]},&quot;ekit_we_effect_on&quot;:&quot;none&quot;,&quot;_transform_translateX_effect_hover_tablet&quot;:{&quot;unit&quot;:&quot;px&quot;,&quot;size&quot;:&quot;&quot;,&quot;sizes&quot;:[]},&quot;_transform_translateX_effect_hover_mobile&quot;:{&quot;unit&quot;:&quot;px&quot;,&quot;size&quot;:&quot;&quot;,&quot;sizes&quot;:[]},&quot;_transform_translateY_effect_hover_tablet&quot;:{&quot;unit&quot;:&quot;px&quot;,&quot;size&quot;:&quot;&quot;,&quot;sizes&quot;:[]},&quot;_transform_translateY_effect_hover_mobile&quot;:{&quot;unit&quot;:&quot;px&quot;,&quot;size&quot;:&quot;&quot;,&quot;sizes&quot;:[]}}\" data-widget_type=\"ha-card.default\">\n\t\t\t\t<div class=\"elementor-widget-container\">\n\t\t\t\n\t\t\t\t\t<figure class=\"ha-card-figure\">\n\t\t\t\t<img decoding=\"async\" width=\"800\" height=\"533\" src=\"https:\/\/leomedina.cl\/burger\/wp-content\/uploads\/2025\/09\/basket.jpg\" class=\"attachment-large size-large wp-image-4694\" alt=\"\" srcset=\"https:\/\/leomedina.cl\/burger\/wp-content\/uploads\/2025\/09\/basket.jpg 828w, https:\/\/leomedina.cl\/burger\/wp-content\/uploads\/2025\/09\/basket-300x200.jpg 300w, https:\/\/leomedina.cl\/burger\/wp-content\/uploads\/2025\/09\/basket-768x512.jpg 768w\" sizes=\"(max-width: 800px) 100vw, 800px\" \/>\t\t\t\t\t\t\t<\/figure>\n\t\t\n\t\t<div class=\"ha-card-body\">\n\n\t\t\t<h2 class=\"ha-card-title\">BASQUETBOL<\/h2>\n\t\t\t\n\t\t\t<a class=\"ha-btn\" href=\"https:\/\/www.espn.cl\/basquetbol\/nba\/calendario\"><span class=\"ha-btn-text\">M\u00e1s info<\/span><\/a>\t\t<\/div>\n\t\t\t\t<\/div>\n\t\t\t\t<\/div>\n\t\t\t\t\t<\/div>\n\t\t<\/div>\n\t\t\t\t<div class=\"elementor-column elementor-col-33 elementor-inner-column elementor-element elementor-element-505deb3\" data-id=\"505deb3\" data-element_type=\"column\">\n\t\t\t<div class=\"elementor-widget-wrap elementor-element-populated\">\n\t\t\t\t\t\t<div class=\"elementor-element elementor-element-ffeadba e-transform ha-card--top ha-card--tablet-top ha-card--mobile-top elementor-widget elementor-widget-ha-card happy-addon ha-card\" data-id=\"ffeadba\" data-element_type=\"widget\" data-settings=\"{&quot;_animation&quot;:&quot;none&quot;,&quot;_transform_translateX_effect_hover&quot;:{&quot;unit&quot;:&quot;px&quot;,&quot;size&quot;:3,&quot;sizes&quot;:[]},&quot;_transform_translateY_effect_hover&quot;:{&quot;unit&quot;:&quot;px&quot;,&quot;size&quot;:3,&quot;sizes&quot;:[]},&quot;ekit_we_effect_on&quot;:&quot;none&quot;,&quot;_transform_translateX_effect_hover_tablet&quot;:{&quot;unit&quot;:&quot;px&quot;,&quot;size&quot;:&quot;&quot;,&quot;sizes&quot;:[]},&quot;_transform_translateX_effect_hover_mobile&quot;:{&quot;unit&quot;:&quot;px&quot;,&quot;size&quot;:&quot;&quot;,&quot;sizes&quot;:[]},&quot;_transform_translateY_effect_hover_tablet&quot;:{&quot;unit&quot;:&quot;px&quot;,&quot;size&quot;:&quot;&quot;,&quot;sizes&quot;:[]},&quot;_transform_translateY_effect_hover_mobile&quot;:{&quot;unit&quot;:&quot;px&quot;,&quot;size&quot;:&quot;&quot;,&quot;sizes&quot;:[]}}\" data-widget_type=\"ha-card.default\">\n\t\t\t\t<div class=\"elementor-widget-container\">\n\t\t\t\n\t\t\t\t\t<figure class=\"ha-card-figure\">\n\t\t\t\t<img decoding=\"async\" width=\"710\" height=\"399\" src=\"https:\/\/leomedina.cl\/burger\/wp-content\/uploads\/2025\/09\/file_20240530161610.jpg\" class=\"attachment-large size-large wp-image-4697\" alt=\"\" srcset=\"https:\/\/leomedina.cl\/burger\/wp-content\/uploads\/2025\/09\/file_20240530161610.jpg 710w, https:\/\/leomedina.cl\/burger\/wp-content\/uploads\/2025\/09\/file_20240530161610-300x169.jpg 300w\" sizes=\"(max-width: 710px) 100vw, 710px\" \/>\t\t\t\t\t\t\t<\/figure>\n\t\t\n\t\t<div class=\"ha-card-body\">\n\n\t\t\t<h2 class=\"ha-card-title\">TENIS<\/h2>\n\t\t\t\n\t\t\t<a class=\"ha-btn\" href=\"https:\/\/www.espn.cl\/tenis\/calendario\"><span class=\"ha-btn-text\">M\u00e1s info<\/span><\/a>\t\t<\/div>\n\t\t\t\t<\/div>\n\t\t\t\t<\/div>\n\t\t\t\t\t<\/div>\n\t\t<\/div>\n\t\t\t\t\t<\/div>\n\t\t<\/section>\n\t\t\t\t<section class=\"elementor-section elementor-inner-section elementor-element elementor-element-e8e9988 elementor-section-boxed elementor-section-height-default elementor-section-height-default\" data-id=\"e8e9988\" data-element_type=\"section\" data-settings=\"{&quot;_ha_eqh_enable&quot;:false,&quot;ekit_has_onepagescroll_dot&quot;:&quot;yes&quot;}\">\n\t\t\t\t\t\t<div class=\"elementor-container elementor-column-gap-default\">\n\t\t\t\t\t<div class=\"elementor-column elementor-col-33 elementor-inner-column elementor-element elementor-element-9a2bdf1\" data-id=\"9a2bdf1\" data-element_type=\"column\">\n\t\t\t<div class=\"elementor-widget-wrap elementor-element-populated\">\n\t\t\t\t\t\t<div class=\"elementor-element elementor-element-bb94d99 e-transform ha-card--top ha-card--tablet-top ha-card--mobile-top elementor-widget elementor-widget-ha-card happy-addon ha-card\" data-id=\"bb94d99\" data-element_type=\"widget\" data-settings=\"{&quot;_animation&quot;:&quot;none&quot;,&quot;_transform_translateX_effect_hover&quot;:{&quot;unit&quot;:&quot;px&quot;,&quot;size&quot;:3,&quot;sizes&quot;:[]},&quot;_transform_translateY_effect_hover&quot;:{&quot;unit&quot;:&quot;px&quot;,&quot;size&quot;:3,&quot;sizes&quot;:[]},&quot;ekit_we_effect_on&quot;:&quot;none&quot;,&quot;_transform_translateX_effect_hover_tablet&quot;:{&quot;unit&quot;:&quot;px&quot;,&quot;size&quot;:&quot;&quot;,&quot;sizes&quot;:[]},&quot;_transform_translateX_effect_hover_mobile&quot;:{&quot;unit&quot;:&quot;px&quot;,&quot;size&quot;:&quot;&quot;,&quot;sizes&quot;:[]},&quot;_transform_translateY_effect_hover_tablet&quot;:{&quot;unit&quot;:&quot;px&quot;,&quot;size&quot;:&quot;&quot;,&quot;sizes&quot;:[]},&quot;_transform_translateY_effect_hover_mobile&quot;:{&quot;unit&quot;:&quot;px&quot;,&quot;size&quot;:&quot;&quot;,&quot;sizes&quot;:[]}}\" data-widget_type=\"ha-card.default\">\n\t\t\t\t<div class=\"elementor-widget-container\">\n\t\t\t\n\t\t\t\t\t<figure class=\"ha-card-figure\">\n\t\t\t\t<img loading=\"lazy\" decoding=\"async\" width=\"512\" height=\"342\" src=\"https:\/\/leomedina.cl\/burger\/wp-content\/uploads\/2025\/09\/rubgy.avif\" class=\"attachment-large size-large wp-image-4693\" alt=\"\" srcset=\"https:\/\/leomedina.cl\/burger\/wp-content\/uploads\/2025\/09\/rubgy.avif 512w, https:\/\/leomedina.cl\/burger\/wp-content\/uploads\/2025\/09\/rubgy-300x200.avif 300w\" sizes=\"(max-width: 512px) 100vw, 512px\" \/>\t\t\t\t\t\t\t<\/figure>\n\t\t\n\t\t<div class=\"ha-card-body\">\n\n\t\t\t<h2 class=\"ha-card-title\">RUGBY<\/h2>\n\t\t\t\n\t\t\t<a class=\"ha-btn\" href=\"https:\/\/www.espn.cl\/rugby\/\"><span class=\"ha-btn-text\">M\u00e1s info<\/span><\/a>\t\t<\/div>\n\t\t\t\t<\/div>\n\t\t\t\t<\/div>\n\t\t\t\t\t<\/div>\n\t\t<\/div>\n\t\t\t\t<div class=\"elementor-column elementor-col-33 elementor-inner-column elementor-element elementor-element-d513a3e\" data-id=\"d513a3e\" data-element_type=\"column\">\n\t\t\t<div class=\"elementor-widget-wrap elementor-element-populated\">\n\t\t\t\t\t\t<div class=\"elementor-element elementor-element-1ccf28e e-transform ha-card--top ha-card--tablet-top ha-card--mobile-top elementor-widget elementor-widget-ha-card happy-addon ha-card\" data-id=\"1ccf28e\" data-element_type=\"widget\" data-settings=\"{&quot;_animation&quot;:&quot;none&quot;,&quot;_transform_translateX_effect_hover&quot;:{&quot;unit&quot;:&quot;px&quot;,&quot;size&quot;:3,&quot;sizes&quot;:[]},&quot;_transform_translateY_effect_hover&quot;:{&quot;unit&quot;:&quot;px&quot;,&quot;size&quot;:3,&quot;sizes&quot;:[]},&quot;ekit_we_effect_on&quot;:&quot;none&quot;,&quot;_transform_translateX_effect_hover_tablet&quot;:{&quot;unit&quot;:&quot;px&quot;,&quot;size&quot;:&quot;&quot;,&quot;sizes&quot;:[]},&quot;_transform_translateX_effect_hover_mobile&quot;:{&quot;unit&quot;:&quot;px&quot;,&quot;size&quot;:&quot;&quot;,&quot;sizes&quot;:[]},&quot;_transform_translateY_effect_hover_tablet&quot;:{&quot;unit&quot;:&quot;px&quot;,&quot;size&quot;:&quot;&quot;,&quot;sizes&quot;:[]},&quot;_transform_translateY_effect_hover_mobile&quot;:{&quot;unit&quot;:&quot;px&quot;,&quot;size&quot;:&quot;&quot;,&quot;sizes&quot;:[]}}\" data-widget_type=\"ha-card.default\">\n\t\t\t\t<div class=\"elementor-widget-container\">\n\t\t\t\n\t\t\t\t\t<figure class=\"ha-card-figure\">\n\t\t\t\t<img loading=\"lazy\" decoding=\"async\" width=\"710\" height=\"399\" src=\"https:\/\/leomedina.cl\/burger\/wp-content\/uploads\/2025\/09\/mma-jaula.jpg\" class=\"attachment-large size-large wp-image-4695\" alt=\"\" srcset=\"https:\/\/leomedina.cl\/burger\/wp-content\/uploads\/2025\/09\/mma-jaula.jpg 710w, https:\/\/leomedina.cl\/burger\/wp-content\/uploads\/2025\/09\/mma-jaula-300x169.jpg 300w\" sizes=\"(max-width: 710px) 100vw, 710px\" \/>\t\t\t\t\t\t\t<\/figure>\n\t\t\n\t\t<div class=\"ha-card-body\">\n\n\t\t\t<h2 class=\"ha-card-title\">UFC<\/h2>\n\t\t\t\n\t\t\t<a class=\"ha-btn\" href=\"https:\/\/www.espn.cl\/mma\/calendario\"><span class=\"ha-btn-text\">M\u00e1s info<\/span><\/a>\t\t<\/div>\n\t\t\t\t<\/div>\n\t\t\t\t<\/div>\n\t\t\t\t\t<\/div>\n\t\t<\/div>\n\t\t\t\t<div class=\"elementor-column elementor-col-33 elementor-inner-column elementor-element elementor-element-18c6e3a\" data-id=\"18c6e3a\" data-element_type=\"column\">\n\t\t\t<div class=\"elementor-widget-wrap\">\n\t\t\t\t\t\t\t<\/div>\n\t\t<\/div>\n\t\t\t\t\t<\/div>\n\t\t<\/section>\n\t\t\t\t\t<\/div>\n\t\t<\/div>\n\t\t\t\t\t<\/div>\n\t\t<\/section>\n\t\t\t\t<\/div>\n\t\t","protected":false},"excerpt":{"rendered":"<p>Agenda Deportiva Mantente al d\u00eda con los mejores encuentros de tenis, b\u00e1squetbol, f\u00fatbol y rugby. Consulta horarios y fechas de los partidos en ESPN.cl y vive cada jugada en BurgerBar, donde el deporte se disfruta en grande. FUTBOL M\u00e1s info BASQUETBOL M\u00e1s info TENIS M\u00e1s info RUGBY M\u00e1s info UFC M\u00e1s info<\/p>\n","protected":false},"author":1,"featured_media":0,"parent":0,"menu_order":0,"comment_status":"closed","ping_status":"closed","template":"","meta":{"footnotes":""},"class_list":["post-4640","page","type-page","status-publish","hentry"],"_links":{"self":[{"href":"https:\/\/leomedina.cl\/burger\/wp-json\/wp\/v2\/pages\/4640","targetHints":{"allow":["GET"]}}],"collection":[{"href":"https:\/\/leomedina.cl\/burger\/wp-json\/wp\/v2\/pages"}],"about":[{"href":"https:\/\/leomedina.cl\/burger\/wp-json\/wp\/v2\/types\/page"}],"author":[{"embeddable":true,"href":"https:\/\/leomedina.cl\/burger\/wp-json\/wp\/v2\/users\/1"}],"replies":[{"embeddable":true,"href":"https:\/\/leomedina.cl\/burger\/wp-json\/wp\/v2\/comments?post=4640"}],"version-history":[{"count":10,"href":"https:\/\/leomedina.cl\/burger\/wp-json\/wp\/v2\/pages\/4640\/revisions"}],"predecessor-version":[{"id":4921,"href":"https:\/\/leomedina.cl\/burger\/wp-json\/wp\/v2\/pages\/4640\/revisions\/4921"}],"wp:attachment":[{"href":"https:\/\/leomedina.cl\/burger\/wp-json\/wp\/v2\/media?parent=4640"}],"curies":[{"name":"wp","href":"https:\/\/api.w.org\/{rel}","templated":true}]}}